{"id":2998,"date":"2024-07-13T19:32:17","date_gmt":"2024-07-13T16:32:17","guid":{"rendered":"https:\/\/lavish.lt\/my-account\/"},"modified":"2024-09-27T13:08:34","modified_gmt":"2024-09-27T10:08:34","slug":"my-account","status":"publish","type":"page","link":"https:\/\/lavish.lt\/en\/my-account\/","title":{"rendered":"My Account"},"content":{"rendered":"\t\t<div data-elementor-type=\"wp-page\" data-elementor-id=\"2998\" class=\"elementor elementor-2998 elementor-12\" data-elementor-post-type=\"page\">\n\t\t\t\t<div class=\"elementor-element elementor-element-29be3409 e-flex e-con-boxed e-con e-parent\" data-id=\"29be3409\" data-element_type=\"container\" data-e-type=\"container\">\n\t\t\t\t\t<div class=\"e-con-inner\">\n\t\t\t\t<div class=\"elementor-element elementor-element-582aa691 elementor-widget__width-inherit elementor-widget elementor-widget-text-editor\" data-id=\"582aa691\" data-element_type=\"widget\" data-e-type=\"widget\" data-widget_type=\"text-editor.default\">\n\t\t\t\t\t\t\t\t\t<div class=\"woocommerce\">\r\n<div class=\"woocommerce-notices-wrapper\"><\/div>\r\n<div id=\"customer_login\" class=\"nm-myaccount-login\">\r\n    <div class=\"nm-myaccount-login-inner\">\r\n\t\t\r\n        <div id=\"nm-login-wrap\">\r\n            <h2>Log in<\/h2>\r\n    \r\n            <form class=\"login\" method=\"post\" novalidate>\r\n    \t\t\t\r\n                                \r\n                <div class=\"googlesitekit-sign-in-with-google__frontend-output-button woocommerce-form-row form-row\"><\/div>    \r\n                <p class=\"form-row form-row-wide\">\r\n                    <label for=\"username\">Username or email address&nbsp;<span class=\"required\" aria-hidden=\"true\">*<\/span><span class=\"screen-reader-text\">Required<\/span><\/label>\r\n                    <input type=\"text\" class=\"woocommerce-Input woocommerce-Input--text input-text\" name=\"username\" id=\"username\" autocomplete=\"username\" value=\"\" required aria-required=\"true\" \/>                <\/p>\r\n                <p class=\"form-row form-row-wide\">\r\n                    <label for=\"password\">Password&nbsp;<span class=\"required\" aria-hidden=\"true\">*<\/span><span class=\"screen-reader-text\">Required<\/span><\/label>     \r\n                    <input class=\"woocommerce-Input woocommerce-Input--text input-text\" type=\"password\" name=\"password\" id=\"password\" autocomplete=\"current-password\" required aria-required=\"true\" \/>\r\n                <\/p>\r\n    \r\n                                \r\n                <p class=\"form-row form-group\">\r\n                    <label class=\"woocommerce-form__label woocommerce-form__label-for-checkbox woocommerce-form-login__rememberme inline\">\r\n                        <input class=\"woocommerce-form__input woocommerce-form__input-checkbox\" name=\"rememberme\" type=\"checkbox\" id=\"rememberme\" value=\"forever\" \/> <span>Remember me<\/span>\r\n                    <\/label>\r\n                    \r\n                    <span class=\"woocommerce-LostPassword lost_password\">\r\n                        <a href=\"https:\/\/lavish.lt\/en\/my-account\/lost-password\/\">Lost your password?<\/a>\r\n                    <\/span>\r\n                <\/p>\r\n                \r\n                <p class=\"form-actions\">\r\n                    <input type=\"hidden\" id=\"woocommerce-login-nonce\" name=\"woocommerce-login-nonce\" value=\"dfd87f0173\" \/><input type=\"hidden\" name=\"_wp_http_referer\" value=\"\/en\/wp-json\/wp\/v2\/pages\/2998\" \/>                    <button type=\"submit\" class=\"woocommerce-button button woocommerce-form-login__submit\" name=\"login\" value=\"Log in\">Log in<\/button>\r\n                    \r\n                                        <div class=\"nm-login-form-divider\"><span>Or<\/span><\/div>\r\n                    \r\n                    <a href=\"#register\" id=\"nm-show-register-button\" class=\"button border\">Create an account<\/a>\r\n                                    <\/p>\r\n                \r\n                    \r\n            <\/form>\r\n        <\/div>\r\n\r\n        \r\n        <div id=\"nm-register-wrap\">\r\n            <h2>Register<\/h2>\r\n            \r\n            <form method=\"post\" class=\"register\"  >\r\n    \t\t\t\r\n                                \r\n                    \r\n                    \r\n                <p class=\"form-row form-row-wide\">\r\n                    <label for=\"reg_email\">Email address <span class=\"required\">*<\/span><\/label>\r\n                    <input type=\"email\" class=\"woocommerce-Input woocommerce-Input--text input-text\" name=\"email\" id=\"reg_email\" value=\"\" \/>\r\n                <\/p>\r\n    \r\n                                \r\n                    <p>A link to set a new password will be sent to your email address.<\/p>\r\n                \r\n                                \r\n                <wc-order-attribution-inputs><\/wc-order-attribution-inputs><div class=\"woocommerce-privacy-policy-text\"><p>J\u016bs\u0173 asmeniniai duomenys bus naudojami siekiant palaikyti j\u016bs\u0173 patirt\u012f \u0161ioje svetain\u0117je, valdyti prieig\u0105 prie j\u016bs\u0173 paskyros ir kitais tikslais, apra\u0161ytais m\u016bs\u0173 <a href=\"https:\/\/lavish.lt\/privacy-policy\/\" class=\"woocommerce-privacy-policy-link\" target=\"_blank\">privacy policy<\/a>.<\/p>\n<\/div>                \r\n                <p class=\"form-actions\">\r\n                    <input type=\"hidden\" id=\"woocommerce-register-nonce\" name=\"woocommerce-register-nonce\" value=\"0b2ad9c45c\" \/><input type=\"hidden\" name=\"_wp_http_referer\" value=\"\/en\/wp-json\/wp\/v2\/pages\/2998\" \/>                    <button type=\"submit\" class=\"woocommerce-Button woocommerce-button button woocommerce-form-register__submit\" name=\"register\" value=\"Register\">Register<\/button>\r\n                    \r\n                                        <div class=\"nm-login-form-divider\"><span>Or<\/span><\/div>\r\n                    \r\n                    <a href=\"#login\" id=\"nm-show-login-button\" class=\"button border\">Log in<\/a>\r\n                                    <\/p>\r\n                \r\n                    \r\n            <\/form>\r\n        <\/div>\r\n    \r\n        \r\n            \r\n    <\/div>\r\n<\/div>\r\n<\/div>\t\t\t\t\t\t\t\t<\/div>\n\t\t\t\t\t<\/div>\n\t\t\t\t<\/div>\n\t\t\t\t<\/div>\n\t\t","protected":false},"excerpt":{"rendered":"","protected":false},"author":2,"featured_media":0,"parent":0,"menu_order":0,"comment_status":"closed","ping_status":"closed","template":"","meta":{"footnotes":""},"class_list":["post-2998","page","type-page","status-publish","hentry"],"_links":{"self":[{"href":"https:\/\/lavish.lt\/en\/wp-json\/wp\/v2\/pages\/2998","targetHints":{"allow":["GET"]}}],"collection":[{"href":"https:\/\/lavish.lt\/en\/wp-json\/wp\/v2\/pages"}],"about":[{"href":"https:\/\/lavish.lt\/en\/wp-json\/wp\/v2\/types\/page"}],"author":[{"embeddable":true,"href":"https:\/\/lavish.lt\/en\/wp-json\/wp\/v2\/users\/2"}],"replies":[{"embeddable":true,"href":"https:\/\/lavish.lt\/en\/wp-json\/wp\/v2\/comments?post=2998"}],"version-history":[{"count":0,"href":"https:\/\/lavish.lt\/en\/wp-json\/wp\/v2\/pages\/2998\/revisions"}],"wp:attachment":[{"href":"https:\/\/lavish.lt\/en\/wp-json\/wp\/v2\/media?parent=2998"}],"curies":[{"name":"wp","href":"https:\/\/api.w.org\/{rel}","templated":true}]}}