{"id":2426,"date":"2024-07-13T22:35:28","date_gmt":"2024-07-13T22:35:28","guid":{"rendered":"https:\/\/lavish.lt\/?post_type=product&#038;p=2426"},"modified":"2025-06-04T13:56:02","modified_gmt":"2025-06-04T10:56:02","slug":"acell-300-fluid-50ml","status":"publish","type":"product","link":"https:\/\/lavish.lt\/en\/product\/acell-300-fluid-50ml\/","title":{"rendered":"Acell-300 Fluid [50ml]"},"content":{"rendered":"<h3>DUOMENYS<\/h3>\n<p>\u0160vyt\u0117jim\u0105 skatinantis Prunella Vulgaris lap\u0173 ekstrakto, Monnieri vaisi\u0173 ekstrakto ir kaprio glicerid\u0173 mi\u0161inys ramina ir maitina od\u0105, giliai ir ilgai dr\u0117kina.<\/p>\n<h3>NAUDA<\/h3>\n<p>Dr\u0117kina od\u0105 ir suteikia jai \u0161vyt\u0117jimo.<\/p>\n<h3>KAIP NAUDOTI<\/h3>\n<p>Prie\u0161 tepdami serum\u0105 \/ esencij\u0105, u\u017ela\u0161inkite 1\u20132 la\u0161us ant \u0161varios odos. \u012emasa\u017euokite \u012f od\u0105 ir leiskite \u012fsigerti.<\/p>\n<p>Patarimai<\/p>\n<p>01. Sumai\u0161ykite ir naudokite su Moisture Aqua serumu, kad b\u016bt\u0173 lengviau u\u017etepti ir giliau dr\u0117kinti (2\u20133 la\u0161ai skys\u010dio)<\/p>\n<p>02. Naudokite kaip \u0161vytin\u010dio makia\u017eo pagrind\u0105.<\/p>\n<h3>DAUGIAU INFORMACIJOS<\/h3>\n<p>Pagrindinis ingredientas<\/p>\n<p>Polygonum Cuspidatum \u0161akn\u0173 ekstraktai, Prunella Vulgaris lap\u0173 ekstraktai, Monnieri vaisi\u0173 ekstraktai, PEG-8 kaprilo\/kaprio gliceridai<\/p>\n<p>Ingredientas<\/p>\n<p>PEG-8 kaprilo \/ kaprio gliceridai, vanduo, poligliceril-6 izostearatas, propilenglikolis, izostearilo izostearatas, ciklopentasiloksanas, cikloheksasiloksanas, deguonis, kor\u0117jie\u010di\u0173 pulso ekstraktas, japon\u0173 lonicera ekstraktas, japonin\u0117s \u017euvies ekstraktas2,0, 9,0,9,0,9,0 , Zanthoxylum Piperitum Vaisi\u0173 ekstraktas, Citrus Paradisi (greipfrut\u0173) vaisi\u0173 ekstraktas, Polygonum Cuspidatum \u0161akn\u0173 ekstraktas, Gleditsia Australis vaisi\u0173 ekstraktas, Cnidium Monnieri vaisi\u0173 ekstraktas, Prunella Vulgaris lap\u0173 ekstraktas, 1,2-heksandiolis, RobraotLicorrhicea (Glybacyrrhicea) traktas, Althaea Rosea g\u0117li\u0173 ekstraktas, Saccharomyces fermentas, Nelumbium Speciosum g\u0117li\u0173 ekstraktas, Oryza Sativa (ry\u017ei\u0173) ekstraktas, Artemisia Annua ekstraktas, kvapas<\/p>\n","protected":false},"excerpt":{"rendered":"<p>\u0160vyt\u0117jim\u0105 skatinantis Prunella Vulgaris lap\u0173 ekstrakto, Monnieri vaisi\u0173 ekstrakto ir kaprio glicerid\u0173 mi\u0161inys ramina ir maitina od\u0105, giliai ir ilgai dr\u0117kina.<\/p>\n","protected":false},"featured_media":2427,"comment_status":"open","ping_status":"closed","template":"","meta":[],"product_brand":[101],"product_cat":[68,57],"product_tag":[],"class_list":{"0":"post-2426","1":"product","2":"type-product","3":"status-publish","4":"has-post-thumbnail","6":"product_brand-oxygen-ceuticals","7":"product_cat-serumai","8":"product_cat-veidui","10":"first","11":"instock","12":"taxable","13":"shipping-taxable","14":"purchasable","15":"product-type-simple"},"_links":{"self":[{"href":"https:\/\/lavish.lt\/en\/wp-json\/wp\/v2\/product\/2426","targetHints":{"allow":["GET"]}}],"collection":[{"href":"https:\/\/lavish.lt\/en\/wp-json\/wp\/v2\/product"}],"about":[{"href":"https:\/\/lavish.lt\/en\/wp-json\/wp\/v2\/types\/product"}],"replies":[{"embeddable":true,"href":"https:\/\/lavish.lt\/en\/wp-json\/wp\/v2\/comments?post=2426"}],"wp:featuredmedia":[{"embeddable":true,"href":"https:\/\/lavish.lt\/en\/wp-json\/wp\/v2\/media\/2427"}],"wp:attachment":[{"href":"https:\/\/lavish.lt\/en\/wp-json\/wp\/v2\/media?parent=2426"}],"wp:term":[{"taxonomy":"product_brand","embeddable":true,"href":"https:\/\/lavish.lt\/en\/wp-json\/wp\/v2\/product_brand?post=2426"},{"taxonomy":"product_cat","embeddable":true,"href":"https:\/\/lavish.lt\/en\/wp-json\/wp\/v2\/product_cat?post=2426"},{"taxonomy":"product_tag","embeddable":true,"href":"https:\/\/lavish.lt\/en\/wp-json\/wp\/v2\/product_tag?post=2426"}],"curies":[{"name":"wp","href":"https:\/\/api.w.org\/{rel}","templated":true}]}}