{"id":2466,"date":"2024-07-15T18:47:49","date_gmt":"2024-07-15T15:47:49","guid":{"rendered":"https:\/\/lavish.lt\/?post_type=product&#038;p=2466"},"modified":"2025-06-04T13:56:02","modified_gmt":"2025-06-04T10:56:02","slug":"caviar-protein-fluid-50ml","status":"publish","type":"product","link":"https:\/\/lavish.lt\/en\/product\/caviar-protein-fluid-50ml\/","title":{"rendered":"Caviar Protein Fluid [50ml]"},"content":{"rendered":"<h3>DUOMENYS<\/h3>\n<p>Sen\u0117jim\u0105 stabdantis skystis, kurio sud\u0117tyje yra ikr\u0173 ekstrakt\u0173, padeda pakelti ir stangrinti od\u0105.<\/p>\n<h3>NAUDA<\/h3>\n<p>Skaidrina odos spalv\u0105 ir apsaugo od\u0105 nuo laisv\u0173j\u0173 radikal\u0173 ir odos streso veiksni\u0173.<\/p>\n<h3>KAIP NAUDOTI<\/h3>\n<p>Prie\u0161 tepdami serum\u0105 \/ esencij\u0105, u\u017ela\u0161inkite 1\u20132 la\u0161us ant \u0161varios odos. \u012emasa\u017euokite \u012f od\u0105 ir leiskite \u012fsigerti.<\/p>\n<p>Patarimai<\/p>\n<p>Naudokite su ikr\u0173 kremu ir Ceutisome AG kauke, kad gal\u0117tum\u0117te efektyviau kovoti su sen\u0117jimu.<\/p>\n<h3>DAUGIAU INFORMACIJOS<\/h3>\n<p>Pagrindinis ingredientas<\/p>\n<p>Ikr\u0173 ekstraktai, adenozinas, niacinamidas, palmitoilo tripeptidas-5<\/p>\n<p>Ingredientas<\/p>\n<p>Vanduo, dipropileno glikolis, butileno glikolis, glicerinas, 1,2-heksandiolis, niacinamidas, poliakrilatas-13, poliizobutenas, karbomeras, alantoinas, argininas, pantenolis, chamomilla recutita (matricaria) g\u0117li\u0173 ekstraktas, frezijos Lafoliangu (Florectaa Laven) ekstraktas. Ekstraktas, Mentha Piperita (pipirm\u0117\u010di\u0173) lap\u0173 ekstraktas, Monarda Didyma lap\u0173 ekstraktas, Pulsatilla Koreana ekstraktas, Rosmarinus Officinalis (rozmarin\u0173) lap\u0173 ekstraktas, Usnea Barbata (kerpi\u0173) ekstraktas, Zanthoxylum Piperitum vaisi\u0173 ekstraktas, hidroksiglikolio ekstraktas, hidroksiglikolis Polisorbatas 20, natrio hialuronatas, Chondrus Crispus milteliai, adenozinas, sorbitano izostearatas, agaras, trometaminas, akrilatai \/ C10-30 alkilakrilato kry\u017eminis polimeras, CI 77499, \u017e\u0117rutis, titano dioksidas, etilheksilo tripeptidas, palmitatas, toferitatas, etilheksilglicerinas, toferitas Kvepalai<\/p>\n","protected":false},"excerpt":{"rendered":"<p>Sen\u0117jim\u0105 stabdantis skystis, kurio sud\u0117tyje yra ikr\u0173 ekstrakt\u0173, padeda pakelti ir stangrinti od\u0105.<\/p>\n","protected":false},"featured_media":2467,"comment_status":"open","ping_status":"closed","template":"","meta":[],"product_brand":[101],"product_cat":[68,57],"product_tag":[],"class_list":{"0":"post-2466","1":"product","2":"type-product","3":"status-publish","4":"has-post-thumbnail","6":"product_brand-oxygen-ceuticals","7":"product_cat-serumai","8":"product_cat-veidui","10":"first","11":"instock","12":"taxable","13":"shipping-taxable","14":"purchasable","15":"product-type-simple"},"_links":{"self":[{"href":"https:\/\/lavish.lt\/en\/wp-json\/wp\/v2\/product\/2466","targetHints":{"allow":["GET"]}}],"collection":[{"href":"https:\/\/lavish.lt\/en\/wp-json\/wp\/v2\/product"}],"about":[{"href":"https:\/\/lavish.lt\/en\/wp-json\/wp\/v2\/types\/product"}],"replies":[{"embeddable":true,"href":"https:\/\/lavish.lt\/en\/wp-json\/wp\/v2\/comments?post=2466"}],"wp:featuredmedia":[{"embeddable":true,"href":"https:\/\/lavish.lt\/en\/wp-json\/wp\/v2\/media\/2467"}],"wp:attachment":[{"href":"https:\/\/lavish.lt\/en\/wp-json\/wp\/v2\/media?parent=2466"}],"wp:term":[{"taxonomy":"product_brand","embeddable":true,"href":"https:\/\/lavish.lt\/en\/wp-json\/wp\/v2\/product_brand?post=2466"},{"taxonomy":"product_cat","embeddable":true,"href":"https:\/\/lavish.lt\/en\/wp-json\/wp\/v2\/product_cat?post=2466"},{"taxonomy":"product_tag","embeddable":true,"href":"https:\/\/lavish.lt\/en\/wp-json\/wp\/v2\/product_tag?post=2466"}],"curies":[{"name":"wp","href":"https:\/\/api.w.org\/{rel}","templated":true}]}}