{"id":2480,"date":"2024-07-15T19:10:29","date_gmt":"2024-07-15T16:10:29","guid":{"rendered":"https:\/\/lavish.lt\/?post_type=product&#038;p=2480"},"modified":"2025-06-04T13:56:02","modified_gmt":"2025-06-04T10:56:02","slug":"skin-barrier-fluid-50ml","status":"publish","type":"product","link":"https:\/\/lavish.lt\/en\/product\/skin-barrier-fluid-50ml\/","title":{"rendered":"Skin Barrier Fluid [50ml]"},"content":{"rendered":"<h3>DUOMENYS<\/h3>\n<p>Aliejaus tekst\u016bros, lengvas skystis, raminantis ir maitinantis od\u0105 giliai, ilgai dr\u0117kinantis.<\/p>\n<h3>NAUDA<\/h3>\n<p>Giliai dr\u0117kina od\u0105, tod\u0117l oda atrodo jaunatvi\u0161ka ir \u0161velni.<\/p>\n<h3>KAIP NAUDOTI<\/h3>\n<p>Prie\u0161 tepdami serum\u0105 \/ esencij\u0105, u\u017ela\u0161inkite 1\u20132 la\u0161us ant \u0161varios odos. \u012emasa\u017euokite \u012f od\u0105 ir leiskite \u012fsigerti. Patarimai 01. Sumai\u0161ykite ir naudokite su Moisture Aqua serumu, kad b\u016bt\u0173 lengviau naudoti ir giliau dr\u0117kinti. (2-3 la\u0161ai skys\u010dio) 02. Naudokite su Skin Barrier ATO kremu, kad veiksmingiau sustiprintum\u0117te odos barjer\u0105.<\/p>\n<h3>DAUGIAU INFORMACIJOS<\/h3>\n<p>Pagrindinis ingredientas Adenozinas, natrio PCA, Lonicera Japonica (sausmed\u017eio) g\u0117li\u0173 ekstraktas, hidrolizuotas kolagenas Ingredientas PEG-8 kaprilo \/ kaprio gliceridai, vanduo, poligliceril-6 izostearatas, propilenglikolis, izostearilo izostearatas, ciklopentasiloksanas, cikloheksasiloksanas, natrio PCA, Lonicera Aponica (sausmed\u017eio) g\u0117li\u0173 ekstraktas, ekstraktas, paradyzelinas, sviestmed\u017eio ekstraktas. i (Greipfrut\u0173) vaisi\u0173 ekstraktas, Zanthoxylum Piperitum vaisi\u0173 ekstraktas, hidrolizuotas kolagenas, Glycyrrhiza Glabra (saldymed\u017eio) \u0161akn\u0173 ekstraktas, deguonis, 1,2-heksandiolis, hidroksipropilo bistearamidas MEA, behenilo alkoholis, dipropileno ro\u017e\u0117s ekstraktas, dipropileno glicerolis. G\u0117li\u0173 ekstraktas, Ceteareth-20, Cholesteril Izostearatas, Cholesterolis, Trikaprilinas, Cetearilo alkoholis, Artemisia Annua ekstraktas, Nelumbium Speciosum g\u0117li\u0173 ekstraktas, Oryza Sativa (ry\u017ei\u0173) ekstraktas, Saccharomyces fermentas, CI 42090, stearino r\u016bg\u0161tis, F,<\/p>\n","protected":false},"excerpt":{"rendered":"<p>Aliejaus tekst\u016bros, lengvas skystis, raminantis ir maitinantis od\u0105 giliai, ilgai dr\u0117kinantis.<\/p>\n","protected":false},"featured_media":2481,"comment_status":"closed","ping_status":"closed","template":"","meta":[],"product_brand":[101],"product_cat":[68,57],"product_tag":[],"class_list":{"0":"post-2480","1":"product","2":"type-product","3":"status-publish","4":"has-post-thumbnail","6":"product_brand-oxygen-ceuticals","7":"product_cat-serumai","8":"product_cat-veidui","10":"first","11":"instock","12":"sale","13":"taxable","14":"shipping-taxable","15":"purchasable","16":"product-type-simple"},"_links":{"self":[{"href":"https:\/\/lavish.lt\/en\/wp-json\/wp\/v2\/product\/2480","targetHints":{"allow":["GET"]}}],"collection":[{"href":"https:\/\/lavish.lt\/en\/wp-json\/wp\/v2\/product"}],"about":[{"href":"https:\/\/lavish.lt\/en\/wp-json\/wp\/v2\/types\/product"}],"replies":[{"embeddable":true,"href":"https:\/\/lavish.lt\/en\/wp-json\/wp\/v2\/comments?post=2480"}],"wp:featuredmedia":[{"embeddable":true,"href":"https:\/\/lavish.lt\/en\/wp-json\/wp\/v2\/media\/2481"}],"wp:attachment":[{"href":"https:\/\/lavish.lt\/en\/wp-json\/wp\/v2\/media?parent=2480"}],"wp:term":[{"taxonomy":"product_brand","embeddable":true,"href":"https:\/\/lavish.lt\/en\/wp-json\/wp\/v2\/product_brand?post=2480"},{"taxonomy":"product_cat","embeddable":true,"href":"https:\/\/lavish.lt\/en\/wp-json\/wp\/v2\/product_cat?post=2480"},{"taxonomy":"product_tag","embeddable":true,"href":"https:\/\/lavish.lt\/en\/wp-json\/wp\/v2\/product_tag?post=2480"}],"curies":[{"name":"wp","href":"https:\/\/api.w.org\/{rel}","templated":true}]}}