{"id":2485,"date":"2024-07-15T19:13:38","date_gmt":"2024-07-15T16:13:38","guid":{"rendered":"https:\/\/lavish.lt\/?post_type=product&#038;p=2485"},"modified":"2025-06-04T13:56:02","modified_gmt":"2025-06-04T10:56:02","slug":"couperose-fluid-50ml","status":"publish","type":"product","link":"https:\/\/lavish.lt\/en\/product\/couperose-fluid-50ml\/","title":{"rendered":"Couperose Fluid [50ml]"},"content":{"rendered":"<h3>DUOMENYS<\/h3>\n<p>Lengvas, visapusi\u0161kai gydomas serumas jautriai odai, sudarytas i\u0161 hidrolizuoto kolageno ir natrio hialuronato.<\/p>\n<h3>NAUDA<\/h3>\n<p>Ma\u017eina odos paraudim\u0105, ramina ir dr\u0117kina jautri\u0105 od\u0105.<\/p>\n<h3>KAIP NAUDOTI<\/h3>\n<p>Prie\u0161 tepdami serum\u0105 \/ esencij\u0105, u\u017ela\u0161inkite 1\u20132 la\u0161us ant \u0161varios odos. \u012emasa\u017euokite \u012f od\u0105 ir leiskite \u012fsigerti.<\/p>\n<p>Patarimai<\/p>\n<p>Naudokite su Couperose kremu ir Ceutisome CC kauke, kad veiksmingiau nuramintum\u0117te u\u017edegusi\u0105 od\u0105.<\/p>\n<h3>DAUGIAU INFORMACIJOS<\/h3>\n<p>Pagrindinis ingredientas<\/p>\n<p>Hidrolizuotas kolagenas, natrio hialuronatas, alavijo lap\u0173 ekstraktai, ro\u017ein\u0117s centifolijos \u017eied\u0173 vanduo<\/p>\n<p>Ingredientas<\/p>\n<p>Vanduo, propilenglikolis, metilo gliucetas-20, alavijo lap\u0173 ekstraktas, glicerinas, butileno glikolis, fruktanas, portulaca oleracea ekstraktas, ro\u017ein\u0117s centifolijos g\u0117li\u0173 vanduo, natrio hialuronatas, japonin\u0117 japonin\u0117 natrio druska (sausmedis), kor\u0117jie\u010di\u0173 gubernij\u0173 ekstraktas, kor\u0117jie\u010di\u0173 ekstraktas Asiatica lap\u0173 ekstraktas, Citrus Paradisi (greipfrut\u0173) vaisi\u0173 ekstraktas, Zanthoxylum Piperitum vaisi\u0173 ekstraktas, glicerilo akrilato\/akrilo r\u016bg\u0161ties kopolimeras, PVM\/MA kopolimeras, hidrolizuotas kolagenas, Glycyrrhiza Glabra (saldymed\u017eio) \u0161akn\u0173 ekstraktas, Oisianau 1,2 Ekstraktas, Nelumbium Speciosum g\u0117li\u0173 ekstraktas, Oryza Sativa (ry\u017ei\u0173) ekstraktas, Saccharomyces fermentas, CI 42090<\/p>\n","protected":false},"excerpt":{"rendered":"<p>Lengvas, visapusi\u0161kai gydomas serumas jautriai odai, sudarytas i\u0161 hidrolizuoto kolageno ir natrio hialuronato.<\/p>\n","protected":false},"featured_media":2486,"comment_status":"open","ping_status":"closed","template":"","meta":[],"product_brand":[101],"product_cat":[68,57],"product_tag":[],"class_list":{"0":"post-2485","1":"product","2":"type-product","3":"status-publish","4":"has-post-thumbnail","6":"product_brand-oxygen-ceuticals","7":"product_cat-serumai","8":"product_cat-veidui","10":"first","11":"instock","12":"taxable","13":"shipping-taxable","14":"purchasable","15":"product-type-simple"},"_links":{"self":[{"href":"https:\/\/lavish.lt\/en\/wp-json\/wp\/v2\/product\/2485","targetHints":{"allow":["GET"]}}],"collection":[{"href":"https:\/\/lavish.lt\/en\/wp-json\/wp\/v2\/product"}],"about":[{"href":"https:\/\/lavish.lt\/en\/wp-json\/wp\/v2\/types\/product"}],"replies":[{"embeddable":true,"href":"https:\/\/lavish.lt\/en\/wp-json\/wp\/v2\/comments?post=2485"}],"wp:featuredmedia":[{"embeddable":true,"href":"https:\/\/lavish.lt\/en\/wp-json\/wp\/v2\/media\/2486"}],"wp:attachment":[{"href":"https:\/\/lavish.lt\/en\/wp-json\/wp\/v2\/media?parent=2485"}],"wp:term":[{"taxonomy":"product_brand","embeddable":true,"href":"https:\/\/lavish.lt\/en\/wp-json\/wp\/v2\/product_brand?post=2485"},{"taxonomy":"product_cat","embeddable":true,"href":"https:\/\/lavish.lt\/en\/wp-json\/wp\/v2\/product_cat?post=2485"},{"taxonomy":"product_tag","embeddable":true,"href":"https:\/\/lavish.lt\/en\/wp-json\/wp\/v2\/product_tag?post=2485"}],"curies":[{"name":"wp","href":"https:\/\/api.w.org\/{rel}","templated":true}]}}