{"id":2490,"date":"2024-07-15T19:16:58","date_gmt":"2024-07-15T16:16:58","guid":{"rendered":"https:\/\/lavish.lt\/?post_type=product&#038;p=2490"},"modified":"2025-06-04T13:56:02","modified_gmt":"2025-06-04T10:56:02","slug":"fermented-fluid-50ml","status":"publish","type":"product","link":"https:\/\/lavish.lt\/en\/product\/fermented-fluid-50ml\/","title":{"rendered":"Fermented Fluid [50ml]"},"content":{"rendered":"<h3>DUOMENYS<\/h3>\n<p>\u0160vyt\u0117jim\u0105 suteikiantis serumas su vitamino E, arbutino ir fruktano mi\u0161iniu, kuris skaistina ir dr\u0117kina od\u0105 giliai ir ilgai dr\u0117kindamas.<\/p>\n<h3>NAUDA<\/h3>\n<p>Suma\u017eina melanino kiek\u012f ir skaistina od\u0105.<\/p>\n<h3>KAIP NAUDOTI<\/h3>\n<p>Prie\u0161 tepdami serum\u0105 \/ esencij\u0105, u\u017ela\u0161inkite 1\u20132 la\u0161us ant \u0161varios odos. \u012emasa\u017euokite \u012f od\u0105 ir leiskite \u012fsigerti.<\/p>\n<p>Patarimai<\/p>\n<p>Naudokite su dr\u0117kinamuoju kremu arba PP kremu, kad sustiprintum\u0117te \u0161viesinimo efekt\u0105.<\/p>\n<h3>DAUGIAU INFORMACIJOS<\/h3>\n<p>Pagrindinis ingredientas<\/p>\n<p>Fruktanas, arbutinas, niacinamidas<\/p>\n<p>Ingredientas<\/p>\n<p>Vanduo, fruktanas, propilenglikolis, metilo gliucetas-20, arbutinas, glicerinas, 1,2-heksandiolis, kaprilglikolis, butileno glikolis, ksantano derva, natrio PCA, PEG-60 hidrintas ricinos aliejus, niacinamidas, Ex Portulaca Leafellacea Ekstraktas, natrio hialuronatas, glicerilo akrilato\/akrilo r\u016bg\u0161ties kopolimeras, PVM\/MA kopolimeras, tokoferilo acetatas, deguonis, glycyrrhiza glabra (saldymed\u017eio) \u0161akn\u0173 ekstraktas, Prunella Vulgaris lap\u0173 ekstraktas, Polygonum Cuspidatum Fitsinia \u0161akn\u0173 ekstraktas, Australis Fitsinidi ekstraktas, Gledruitdium Saccharomyces fermentas, Oryza Sativa (ry\u017ei\u0173) ekstraktas, Nelumbium Speciosum g\u0117li\u0173 ekstraktas, Artemisia Annua ekstraktas, CI16035, kvapas<\/p>\n","protected":false},"excerpt":{"rendered":"<p>\u0160vyt\u0117jim\u0105 suteikiantis serumas su vitamino E, arbutino ir fruktano mi\u0161iniu, kuris skaistina ir dr\u0117kina od\u0105 giliai ir ilgai dr\u0117kindamas.<\/p>\n","protected":false},"featured_media":2491,"comment_status":"closed","ping_status":"closed","template":"","meta":[],"product_brand":[101],"product_cat":[68,57],"product_tag":[],"class_list":{"0":"post-2490","1":"product","2":"type-product","3":"status-publish","4":"has-post-thumbnail","6":"product_brand-oxygen-ceuticals","7":"product_cat-serumai","8":"product_cat-veidui","10":"first","11":"instock","12":"taxable","13":"shipping-taxable","14":"purchasable","15":"product-type-simple"},"_links":{"self":[{"href":"https:\/\/lavish.lt\/en\/wp-json\/wp\/v2\/product\/2490","targetHints":{"allow":["GET"]}}],"collection":[{"href":"https:\/\/lavish.lt\/en\/wp-json\/wp\/v2\/product"}],"about":[{"href":"https:\/\/lavish.lt\/en\/wp-json\/wp\/v2\/types\/product"}],"replies":[{"embeddable":true,"href":"https:\/\/lavish.lt\/en\/wp-json\/wp\/v2\/comments?post=2490"}],"wp:featuredmedia":[{"embeddable":true,"href":"https:\/\/lavish.lt\/en\/wp-json\/wp\/v2\/media\/2491"}],"wp:attachment":[{"href":"https:\/\/lavish.lt\/en\/wp-json\/wp\/v2\/media?parent=2490"}],"wp:term":[{"taxonomy":"product_brand","embeddable":true,"href":"https:\/\/lavish.lt\/en\/wp-json\/wp\/v2\/product_brand?post=2490"},{"taxonomy":"product_cat","embeddable":true,"href":"https:\/\/lavish.lt\/en\/wp-json\/wp\/v2\/product_cat?post=2490"},{"taxonomy":"product_tag","embeddable":true,"href":"https:\/\/lavish.lt\/en\/wp-json\/wp\/v2\/product_tag?post=2490"}],"curies":[{"name":"wp","href":"https:\/\/api.w.org\/{rel}","templated":true}]}}