{"id":3099,"date":"2024-10-15T11:22:11","date_gmt":"2024-10-15T08:22:11","guid":{"rendered":"https:\/\/lavish.lt\/?post_type=product&#038;p=3099"},"modified":"2025-06-04T13:56:31","modified_gmt":"2025-06-04T10:56:31","slug":"sleep-intense-raminamasis-ir-drekinamasis-kuno-losjonas-250ml","status":"publish","type":"product","link":"https:\/\/lavish.lt\/en\/product\/sleep-intense-raminamasis-ir-drekinamasis-kuno-losjonas-250ml\/","title":{"rendered":"SLEEP INTENSE \u2013 raminamasis ir dr\u0117kinamasis k\u016bno losjonas, 250ml"},"content":{"rendered":"<p>Dr\u0117kinamasis ir raminan\u010diai veikiantis k\u016bno losjonas, praturtintas terapiniu nat\u016brali\u0173 eterini\u0173 aliej\u0173 ir ajurvedini\u0173 \u017eoleli\u0173 mi\u0161iniu, subalansuotas giliam ir ramiam miegui. Nerolio eterinis aliejus vertinamas kaip ramyb\u0117s eliksyras d\u0117l geb\u0117jimo pa\u0161alinti nerim\u0105, li\u016bdes\u012f, \u012ftampos keliam\u0105 jaudul\u012f. Prabangiai kvepian\u010dio afrodiziako ylang\u2013ylang aromatas gerina nuotaik\u0105, \u017eadina gyvenimo d\u017eiaugsm\u0105 ir entuziazm\u0105. Levandos ramina, o apelsin\u0173 \u017eieveli\u0173 eterinis aliejus suteikia jaukumo ir ypating\u0105 nuotaik\u0105. \u0160altai spaustas kokos\u0173 aliejus maitina od\u0105, alyvuogi\u0173 aliejaus ir medaus mi\u0161inys mink\u0161tina, saugo od\u0105 nuo i\u0161saus\u0117jimo ir atkuria dr\u0117gm\u0117s pusiausvyr\u0105.<\/p>\n<p>Produktas pagamintas laikantis tvarios \u017eemdirbyst\u0117s princip\u0173, tinka veganams, be ftalat\u0173, be paraben\u0173 ir silikono.<\/p>\n","protected":false},"excerpt":{"rendered":"<p>Dr\u0117kinamasis ir raminan\u010diai veikiantis k\u016bno losjonas, praturtintas terapiniu nat\u016brali\u0173 eterini\u0173 aliej\u0173 ir ajurvedini\u0173 \u017eoleli\u0173 mi\u0161iniu, subalansuotas giliam ir ramiam miegui.<\/p>\n","protected":false},"featured_media":3117,"comment_status":"closed","ping_status":"closed","template":"","meta":[],"product_brand":[102],"product_cat":[56,91],"product_tag":[],"class_list":{"0":"post-3099","1":"product","2":"type-product","3":"status-publish","4":"has-post-thumbnail","6":"product_brand-spa-ceylon","7":"product_cat-kunui","8":"product_cat-losjonai","10":"first","11":"instock","12":"taxable","13":"shipping-taxable","14":"purchasable","15":"product-type-simple"},"_links":{"self":[{"href":"https:\/\/lavish.lt\/en\/wp-json\/wp\/v2\/product\/3099","targetHints":{"allow":["GET"]}}],"collection":[{"href":"https:\/\/lavish.lt\/en\/wp-json\/wp\/v2\/product"}],"about":[{"href":"https:\/\/lavish.lt\/en\/wp-json\/wp\/v2\/types\/product"}],"replies":[{"embeddable":true,"href":"https:\/\/lavish.lt\/en\/wp-json\/wp\/v2\/comments?post=3099"}],"wp:featuredmedia":[{"embeddable":true,"href":"https:\/\/lavish.lt\/en\/wp-json\/wp\/v2\/media\/3117"}],"wp:attachment":[{"href":"https:\/\/lavish.lt\/en\/wp-json\/wp\/v2\/media?parent=3099"}],"wp:term":[{"taxonomy":"product_brand","embeddable":true,"href":"https:\/\/lavish.lt\/en\/wp-json\/wp\/v2\/product_brand?post=3099"},{"taxonomy":"product_cat","embeddable":true,"href":"https:\/\/lavish.lt\/en\/wp-json\/wp\/v2\/product_cat?post=3099"},{"taxonomy":"product_tag","embeddable":true,"href":"https:\/\/lavish.lt\/en\/wp-json\/wp\/v2\/product_tag?post=3099"}],"curies":[{"name":"wp","href":"https:\/\/api.w.org\/{rel}","templated":true}]}}