{"id":3142,"date":"2025-05-19T11:37:13","date_gmt":"2025-05-19T08:37:13","guid":{"rendered":"https:\/\/lavish.lt\/?post_type=product&#038;p=3142"},"modified":"2026-02-10T11:44:36","modified_gmt":"2026-02-10T09:44:36","slug":"detox-eucalyptus-kuno-prausiklis-250ml","status":"publish","type":"product","link":"https:\/\/lavish.lt\/en\/product\/detox-eucalyptus-kuno-prausiklis-250ml\/","title":{"rendered":"DETOX Eucalyptus &#8211; k\u016bno prausiklis, 250ml"},"content":{"rendered":"<p class=\"vc_custom_heading vc_custom_1690313621021\">Ma\u017eina u\u017edegim\u0105<\/p>\n<div class=\"wpb_text_column wpb_content_element vc_custom_1691343231983\">\n<div class=\"wpb_wrapper\">\n<p>Detoksikuojamasis k\u016bno prausiklis, praturtintas eukalipt\u0173 eteriniu aliejumi, pasi\u017eymin\u010diu stipriomis antiseptin\u0117mis savyb\u0117mis, saugo od\u0105 nuo \u017ealingo aplinkos poveikio ir toksin\u0173, suaktyvina odos regeneracinius procesus. Nimbamed\u017eio ir kamparo eteriniai aliejai ma\u017eina u\u017edegimus, gydo b\u0117rimus, naikina odos pigmentacij\u0105. Sud\u0117tyje esantis organinis ciber\u017eol\u0117s komponentas kurkuminas veikia kaip galingas antioksidantas, skatina odos atsinaujinim\u0105, tonizuoja, suteikia odai energijos ir nat\u016bralaus \u0161vyt\u0117jimo.<\/p>\n<\/div>\n<\/div>\n","protected":false},"excerpt":{"rendered":"<p>Detoksikuojamasis, eukalipto eteriniais aliejais praturtintas k\u016bno prausiklis, pasi\u017eymi itin stipriomis antiseptin\u0117mis savyb\u0117mis, apsaugo nuo \u017ealingo aplinkos poveikio ir skatina odos regeneracijos procesus.<\/p>\n","protected":false},"featured_media":3143,"comment_status":"closed","ping_status":"closed","template":"","meta":[],"product_brand":[102],"product_cat":[56,92,93],"product_tag":[],"class_list":{"0":"post-3142","1":"product","2":"type-product","3":"status-publish","4":"has-post-thumbnail","6":"product_brand-spa-ceylon","7":"product_cat-kunui","8":"product_cat-prausikliai","9":"product_cat-prausikliai-kunui","11":"first","12":"instock","13":"taxable","14":"shipping-taxable","15":"purchasable","16":"product-type-simple"},"_links":{"self":[{"href":"https:\/\/lavish.lt\/en\/wp-json\/wp\/v2\/product\/3142","targetHints":{"allow":["GET"]}}],"collection":[{"href":"https:\/\/lavish.lt\/en\/wp-json\/wp\/v2\/product"}],"about":[{"href":"https:\/\/lavish.lt\/en\/wp-json\/wp\/v2\/types\/product"}],"replies":[{"embeddable":true,"href":"https:\/\/lavish.lt\/en\/wp-json\/wp\/v2\/comments?post=3142"}],"wp:featuredmedia":[{"embeddable":true,"href":"https:\/\/lavish.lt\/en\/wp-json\/wp\/v2\/media\/3143"}],"wp:attachment":[{"href":"https:\/\/lavish.lt\/en\/wp-json\/wp\/v2\/media?parent=3142"}],"wp:term":[{"taxonomy":"product_brand","embeddable":true,"href":"https:\/\/lavish.lt\/en\/wp-json\/wp\/v2\/product_brand?post=3142"},{"taxonomy":"product_cat","embeddable":true,"href":"https:\/\/lavish.lt\/en\/wp-json\/wp\/v2\/product_cat?post=3142"},{"taxonomy":"product_tag","embeddable":true,"href":"https:\/\/lavish.lt\/en\/wp-json\/wp\/v2\/product_tag?post=3142"}],"curies":[{"name":"wp","href":"https:\/\/api.w.org\/{rel}","templated":true}]}}