{"id":3205,"date":"2025-05-19T12:11:44","date_gmt":"2025-05-19T09:11:44","guid":{"rendered":"https:\/\/lavish.lt\/?post_type=product&#038;p=3205"},"modified":"2025-06-04T13:56:02","modified_gmt":"2025-06-04T10:56:02","slug":"ikru-rinkinys-brandziai-odai-ag-starter","status":"publish","type":"product","link":"https:\/\/lavish.lt\/en\/product\/ikru-rinkinys-brandziai-odai-ag-starter\/","title":{"rendered":"IKR\u0172 rinkinys brand\u017eiai odai &#8220;AG-starter&#8221;"},"content":{"rendered":"<p>Ikr\u0173 rinkinys brand\u017eiai odai &#8220;AG starter&#8221; &#8211; tai yra 3 \u017eingsni\u0173 odos prie\u017ei\u016bros rinkinys, itin stipriai pasi\u017eymi poveikiu kovojant su sen\u0117jimo po\u017eymiais, prie\u0161rauk\u0161liniu poveikiu, atgaivina suglebusi\u0105 od\u0105 bei suteikia stangrumo.<\/p>\n<p>Rinkin\u012f sudaro :<\/p>\n<p>1vnt. Nutrient Toner 30ml &#8211;\u00a0 esencijos tipo tonikas, kuris dr\u0117kina saus\u0105 ir senstan\u010di\u0105 od\u0105, tod\u0117l ji tampa \u0161velni ir lygi.<br \/>\n1vnt. Caviar Protein Fluid 15ml &#8211;\u00a0 sen\u0117jim\u0105 stabdantis serumas, praturtintas 5% ikr\u0173 ekstrakt\u0173, kurie apsaugo nuo laisv\u0173j\u0173 radikal\u0173 ir stangrina od\u0105.<br \/>\n1vnt. Age Defying Caviar Cream 30ml &#8211;\u00a0 dviej\u0173 funkcij\u0173 kremas, praturtintas 12% ikr\u0173 ekstraktu, pagreitinantis odos regereracij\u0105 ir pasi\u017eymintis stipriu\u00a0 antioksidaciniu poveikiu.<\/p>\n<p>SUD\u0116TIS:<\/p>\n<p>Nutrient tonikas<br \/>\nNatrio hialuronatas, Portulaca Oleracea ekstraktas, alantoinas<\/p>\n<p>Vanduo, dipropileno glikolis, glicerinas, 1,2-heksandiolis, cetilo etilheksanoatas, makadamijos ternifolijos s\u0117kl\u0173 aliejus, C14-22 alkoholiai, glicerilo stearatas, dimetikonas, tokoferilo acetatas, PEG-100, glicerolio stearatas, butilo glicerolio stearatas, portalaino barakolino ekstraktas. yra Lap\u0173 sul\u010di\u0173 milteliai, argininas, C12-20 alkilgliukozidas, chlorfenzinas, karbomeras, chamomilla recutita (Matricaria) \u017eied\u0173 ekstraktas, deguonis, frezijos refrakta ekstraktas, lavandulos angustifolia (levand\u0173) g\u0117li\u0173 ekstraktas, mentha piperita (pipirm\u0117\u010di\u0173) ekstraktas , Rosmarinus Officinalis (rozmarino) lap\u0173 ekstraktas, dinatrio EDTA, natrio hialuronatas, poliglutamo r\u016bg\u0161tis, etilheksilglicerinas, kvapioji med\u017eiaga<\/p>\n<p>Ikr\u0173 baltym\u0173 serumas<br \/>\nIkr\u0173 ekstraktai, adenozinas, niacinamidas, palmitoilo tripeptidas-5<\/p>\n<p>Vanduo, dipropileno glikolis, butileno glikolis, glicerinas, 1,2-heksandiolis, niacinamidas, poliakrilatas-13, poliizobutenas, karbomeras, alantoinas, argininas, pantenolis, chamomilla recutita (matricaria) g\u0117li\u0173 ekstraktas, frezijos Lafoliangu (Florectaa Laven) ekstraktas. Ekstraktas, Mentha Piperita (pipirm\u0117\u010di\u0173) lap\u0173 ekstraktas, Monarda Didyma lap\u0173 ekstraktas, Pulsatilla Koreana ekstraktas, Rosmarinus Officinalis (rozmarin\u0173) lap\u0173 ekstraktas, Usnea Barbata (kerpi\u0173) ekstraktas, Zanthoxylum Piperitum vaisi\u0173 ekstraktas, hidroksiglikolio ekstraktas, hidroksiglikolis Polisorbatas 20, natrio hialuronatas, Chondrus Crispus milteliai, adenozinas, sorbitano izostearatas, agaras, trometaminas, akrilatai \/ C10-30 alkilakrilato kry\u017eminis polimeras, CI 77499, \u017e\u0117rutis, titano dioksidas, etilheksilo tripeptidas, palmitatas, toferitatas, etilheksilglicerinas, toferitas Kvepalai<\/p>\n<p>Age Defying ikr\u0173 kremas<br \/>\nIkr\u0173 ekstraktas, adenozinas, niacinamidas, simondsij\u0173 s\u0117kl\u0173 aliejus<\/p>\n<p>Vanduo, glicerinas, cetiletilheksanoatas, dipropileno glikolis, ciklopentasiloksanas, niacinamidas, makadamijos ternifolijos s\u0117kl\u0173 aliejus, cetearilo olivatas, cikloheksasiloksanas, cetearilo alkoholis, sorbitano olivatas, 1,2-heksandilo dioksidas, bemondo glikolatas, simandilo dioksanolis sia Chinensis (jojoba ) S\u0117kl\u0173 aliejus, dimetikonas, ikr\u0173 ekstraktas, deguonis, hidroksietilo akrilatas \/ natrio akriloildimetiltaurato kopolimeras, alantoinas, tokoferilo acetatas, pentilenglikolis, sorbitano izostearatas, adenozinas, kaprililglikolis, pululilo glikolis, natrio hidrochlorido fermentas. wer ekstraktas, Lepidium Meyenii \u0161aknis Ekstraktas, Eriobotrya Japonica lap\u0173 ekstraktas, Rosa Multiflora vaisi\u0173 ekstraktas, Pachyrrhizus Erosus \u0161akn\u0173 ekstraktas, etilheksilglicerinas, glutationas, chlorfenezinas, kvepalai<\/p>\n","protected":false},"excerpt":{"rendered":"<p>Ikr\u0173 rinkinys brand\u017eiai odai &#8220;AG starter&#8221; &#8211; tai yra 3 \u017eingsni\u0173 odos prie\u017ei\u016bros rinkinys, itin stipriai pasi\u017eymi poveikiu kovojant su sen\u0117jimo po\u017eymiais, prie\u0161rauk\u0161liniu poveikiu, atgaivina suglebusi\u0105 od\u0105 bei suteikia stangrumo. Rinkin\u012f sudaro: tonikas (esencijos tipo) 30ml, ikr\u0173 serumas 15ml, ikr\u0173 kremas 30ml<\/p>\n","protected":false},"featured_media":3208,"comment_status":"closed","ping_status":"closed","template":"","meta":[],"product_brand":[101],"product_cat":[95,94,68,96,57],"product_tag":[],"class_list":{"0":"post-3205","1":"product","2":"type-product","3":"status-publish","4":"has-post-thumbnail","6":"product_brand-oxygen-ceuticals","7":"product_cat-kremai","8":"product_cat-rinkiniai","9":"product_cat-serumai","10":"product_cat-tonikai","11":"product_cat-veidui","13":"first","14":"instock","15":"taxable","16":"shipping-taxable","17":"purchasable","18":"product-type-simple"},"_links":{"self":[{"href":"https:\/\/lavish.lt\/en\/wp-json\/wp\/v2\/product\/3205","targetHints":{"allow":["GET"]}}],"collection":[{"href":"https:\/\/lavish.lt\/en\/wp-json\/wp\/v2\/product"}],"about":[{"href":"https:\/\/lavish.lt\/en\/wp-json\/wp\/v2\/types\/product"}],"replies":[{"embeddable":true,"href":"https:\/\/lavish.lt\/en\/wp-json\/wp\/v2\/comments?post=3205"}],"wp:featuredmedia":[{"embeddable":true,"href":"https:\/\/lavish.lt\/en\/wp-json\/wp\/v2\/media\/3208"}],"wp:attachment":[{"href":"https:\/\/lavish.lt\/en\/wp-json\/wp\/v2\/media?parent=3205"}],"wp:term":[{"taxonomy":"product_brand","embeddable":true,"href":"https:\/\/lavish.lt\/en\/wp-json\/wp\/v2\/product_brand?post=3205"},{"taxonomy":"product_cat","embeddable":true,"href":"https:\/\/lavish.lt\/en\/wp-json\/wp\/v2\/product_cat?post=3205"},{"taxonomy":"product_tag","embeddable":true,"href":"https:\/\/lavish.lt\/en\/wp-json\/wp\/v2\/product_tag?post=3205"}],"curies":[{"name":"wp","href":"https:\/\/api.w.org\/{rel}","templated":true}]}}