{"id":3215,"date":"2025-05-19T12:32:50","date_gmt":"2025-05-19T09:32:50","guid":{"rendered":"https:\/\/lavish.lt\/?post_type=product&#038;p=3215"},"modified":"2025-06-04T13:56:02","modified_gmt":"2025-06-04T10:56:02","slug":"age-defying-caviar-kit","status":"publish","type":"product","link":"https:\/\/lavish.lt\/en\/product\/age-defying-caviar-kit\/","title":{"rendered":"Age Defying Caviar Kit"},"content":{"rendered":"<p>Prabangus Ikr\u0173 ekstraktu praturtintas, sen\u0117jim\u0105 stabdantis rinkinys, kur\u012f sudaro du populiariausi \u201eOxygenCeuticals\u201c produktai:<\/p>\n<p>Age Defying Caviar Cream\u00a0 50ml<br \/>\nCaviar Protein Fluid 50ml<\/p>\n<p>Sud\u0117tyje yra ikr\u0173 ekstrakto, kuris padeda palaikyti dr\u0117gm\u0117s lyg\u012f odoje, suteikia odai stangrumo, elastingumo, lygina rauk\u0161leles.<\/p>\n<p>KAIP NAUDOTI<\/p>\n<p>Pirmiausia u\u017etepkite Caviar Fluid, tada tepkite ikr\u0173 krem\u0105.<\/p>\n<p>SUD\u0116TIS:<\/p>\n<p>Ikr\u0173 baltym\u0173 serumas<\/p>\n<p>Vanduo, dipropileno glikolis, butileno glikolis, glicerinas, 1,2-heksandiolis, niacinamidas, poliakrilatas-13, poliizobutenas, karbomeras, alantoinas, argininas, pantenolis, chamomilla recutita (matricaria) g\u0117li\u0173 ekstraktas, frezijos Lafoliangu (Florectaa Laven) ekstraktas. Ekstraktas, Mentha Piperita (pipirm\u0117\u010di\u0173) lap\u0173 ekstraktas, Monarda Didyma lap\u0173 ekstraktas, Pulsatilla Koreana ekstraktas, Rosmarinus Officinalis (rozmarin\u0173) lap\u0173 ekstraktas, Usnea Barbata (kerpi\u0173) ekstraktas, Zanthoxylum Piperitum vaisi\u0173 ekstraktas, hidroksiglikolio ekstraktas, hidroksiglikolis Polisorbatas 20, natrio hialuronatas, Chondrus Crispus milteliai, adenozinas, sorbitano izostearatas, agaras, trometaminas, akrilatai \/ C10-30 alkilakrilato kry\u017eminis polimeras, CI 77499, \u017e\u0117rutis, titano dioksidas, etilheksilo tripeptidas, palmitatas, toferitatas, etilheksilglicerinas, toferitas Kvepalai<\/p>\n<p>Age-Defying Caviar kremas<\/p>\n<p>Vanduo, glicerinas, cetiletilheksanoatas, dipropileno glikolis, ciklopentasiloksanas, niacinamidas, makadamijos ternifolijos s\u0117kl\u0173 aliejus, cetearilo olivatas, cikloheksasiloksanas, cetearilo alkoholis, sorbitano olivatas, 1,2-heksandilo dioksidas, bemondo glikolatas, simandilo dioksanolis sia Chinensis (jojoba ) S\u0117kl\u0173 aliejus, dimetikonas, ikr\u0173 ekstraktas, deguonis, hidroksietilo akrilatas \/ natrio akriloildimetiltaurato kopolimeras, alantoinas, tokoferilo acetatas, pentilenglikolis, sorbitano izostearatas, adenozinas, kaprililglikolis, pululilo glikolis, natrio hidrochlorido fermentas. wer ekstraktas, Lepidium Meyenii \u0161aknis Ekstraktas, Eriobotrya Japonica lap\u0173 ekstraktas, Rosa Multiflora vaisi\u0173 ekstraktas, Pachyrrhizus Erosus \u0161akn\u0173 ekstraktas, etilheksilglicerinas, glutationas, chlorfenezinas, kvepalai<\/p>\n","protected":false},"excerpt":{"rendered":"<p>Prabangus Ikr\u0173 ekstraktu praturtintas, sen\u0117jim\u0105 stabdantis rinkinys, kur\u012f sudaro du populiariausi \u201eOxygenCeuticals\u201c produktai:<\/p>\n<p>Age Defying Caviar Cream\u00a0 50ml<br \/>\nCaviar Protein Fluid 50ml<\/p>\n<p>Sud\u0117tyje yra ikr\u0173 ekstrakto, kuris padeda palaikyti dr\u0117gm\u0117s lyg\u012f odoje, suteikia odai stangrumo, elastingumo, lygina rauk\u0161leles.<\/p>\n","protected":false},"featured_media":3216,"comment_status":"closed","ping_status":"closed","template":"","meta":[],"product_brand":[101],"product_cat":[95,94,68,57],"product_tag":[],"class_list":{"0":"post-3215","1":"product","2":"type-product","3":"status-publish","4":"has-post-thumbnail","6":"product_brand-oxygen-ceuticals","7":"product_cat-kremai","8":"product_cat-rinkiniai","9":"product_cat-serumai","10":"product_cat-veidui","12":"first","13":"instock","14":"taxable","15":"shipping-taxable","16":"purchasable","17":"product-type-simple"},"_links":{"self":[{"href":"https:\/\/lavish.lt\/en\/wp-json\/wp\/v2\/product\/3215","targetHints":{"allow":["GET"]}}],"collection":[{"href":"https:\/\/lavish.lt\/en\/wp-json\/wp\/v2\/product"}],"about":[{"href":"https:\/\/lavish.lt\/en\/wp-json\/wp\/v2\/types\/product"}],"replies":[{"embeddable":true,"href":"https:\/\/lavish.lt\/en\/wp-json\/wp\/v2\/comments?post=3215"}],"wp:featuredmedia":[{"embeddable":true,"href":"https:\/\/lavish.lt\/en\/wp-json\/wp\/v2\/media\/3216"}],"wp:attachment":[{"href":"https:\/\/lavish.lt\/en\/wp-json\/wp\/v2\/media?parent=3215"}],"wp:term":[{"taxonomy":"product_brand","embeddable":true,"href":"https:\/\/lavish.lt\/en\/wp-json\/wp\/v2\/product_brand?post=3215"},{"taxonomy":"product_cat","embeddable":true,"href":"https:\/\/lavish.lt\/en\/wp-json\/wp\/v2\/product_cat?post=3215"},{"taxonomy":"product_tag","embeddable":true,"href":"https:\/\/lavish.lt\/en\/wp-json\/wp\/v2\/product_tag?post=3215"}],"curies":[{"name":"wp","href":"https:\/\/api.w.org\/{rel}","templated":true}]}}