{"id":3225,"date":"2025-05-22T11:38:01","date_gmt":"2025-05-22T08:38:01","guid":{"rendered":"https:\/\/lavish.lt\/?post_type=product&#038;p=3225"},"modified":"2025-06-11T14:08:31","modified_gmt":"2025-06-11T11:08:31","slug":"royal-lotus-blossom-smilkalai-30vnt","status":"publish","type":"product","link":"https:\/\/lavish.lt\/en\/product\/royal-lotus-blossom-smilkalai-30vnt\/","title":{"rendered":"ROYAL LOTUS BLOSSOM smilkalai [30vnt.]"},"content":{"rendered":"<p>Smilkalai yra individualiai sukti rankomis, siekiant i\u0161saugoti eterini\u0173 aliej\u0173 raminan\u010dias savybes kiekviename lazdel\u0117s centimetre. Pagaminti pagal Ajurvedos aromaterapijos tradicijas, i\u0161 laukini\u0173 \u017eoleli\u0173, nat\u016brali\u0173 eterini\u0173 aliej\u0173, derv\u0173 ir kvap\u0173 jungini\u0173. Smilkal\u0173 aromatas primena egzoti\u0161k\u0105 senov\u0117s Ceilono atmosfer\u0105. Pakuot\u0117, papuo\u0161ta karali\u0161ka Kand\u017eio r\u016bm\u0173 simbolika, atspindi senov\u0117s Ceilono prabang\u0105 ir kult\u016br\u0105.<\/p>\n<p>Ylang-Ylango, Nerolio ir Ro\u017einio lotoso esencijos ir nat\u016brali\u0173 kvap\u0173 jungini\u0173 derinys pripildys j\u016bs\u0173 namus prabangiu aromatu bei suteiks ramyb\u0117s, d\u017eiaugsmo ir harmonijos poj\u016bt\u012f.<\/p>\n","protected":false},"excerpt":{"rendered":"<p>Nat\u016brali\u0173 kvap\u0173 smilkalai suteikiantys vidin\u0117s harmonijos<\/p>\n<div class=\"wpb_text_column wpb_content_element vc_custom_1733161974850\">\n<div class=\"wpb_wrapper\">\n<p>Saldus, g\u0117li\u0161kas ylang-ylang aromatas suteikia ramyb\u0117s ir d\u017eiaugsmo, nerolis skatina lengvum\u0105 ir pozityvum\u0105, o ro\u017einis lotosas padeda atrasti vidin\u012f balans\u0105 ir stiprina dvasin\u0119 pusiausvyr\u0105. \u0160i\u0173 kvap\u0173 harmonija gali tapti galingu emocinio palaikymo \u0161altiniu, puikiai tinkamu tiek stresin\u0117ms situacijoms valdyti, tiek atsipalaidavimo akimirkoms sukurti.<\/p>\n<p>Pakuot\u0117je 30vnt.<\/p>\n<p>&nbsp;<\/p>\n<\/div>\n<\/div>\n","protected":false},"featured_media":3226,"comment_status":"closed","ping_status":"closed","template":"","meta":[],"product_brand":[102],"product_cat":[60,61,97,98],"product_tag":[],"class_list":{"0":"post-3225","1":"product","2":"type-product","3":"status-publish","4":"has-post-thumbnail","6":"product_brand-spa-ceylon","7":"product_cat-namams","8":"product_cat-sielai","9":"product_cat-smilkalai","10":"product_cat-smilkalai-namams","12":"first","13":"outofstock","14":"taxable","15":"shipping-taxable","16":"purchasable","17":"product-type-simple"},"_links":{"self":[{"href":"https:\/\/lavish.lt\/en\/wp-json\/wp\/v2\/product\/3225","targetHints":{"allow":["GET"]}}],"collection":[{"href":"https:\/\/lavish.lt\/en\/wp-json\/wp\/v2\/product"}],"about":[{"href":"https:\/\/lavish.lt\/en\/wp-json\/wp\/v2\/types\/product"}],"replies":[{"embeddable":true,"href":"https:\/\/lavish.lt\/en\/wp-json\/wp\/v2\/comments?post=3225"}],"wp:featuredmedia":[{"embeddable":true,"href":"https:\/\/lavish.lt\/en\/wp-json\/wp\/v2\/media\/3226"}],"wp:attachment":[{"href":"https:\/\/lavish.lt\/en\/wp-json\/wp\/v2\/media?parent=3225"}],"wp:term":[{"taxonomy":"product_brand","embeddable":true,"href":"https:\/\/lavish.lt\/en\/wp-json\/wp\/v2\/product_brand?post=3225"},{"taxonomy":"product_cat","embeddable":true,"href":"https:\/\/lavish.lt\/en\/wp-json\/wp\/v2\/product_cat?post=3225"},{"taxonomy":"product_tag","embeddable":true,"href":"https:\/\/lavish.lt\/en\/wp-json\/wp\/v2\/product_tag?post=3225"}],"curies":[{"name":"wp","href":"https:\/\/api.w.org\/{rel}","templated":true}]}}