{"id":3479,"date":"2025-10-07T15:59:32","date_gmt":"2025-10-07T12:59:32","guid":{"rendered":"https:\/\/lavish.lt\/?post_type=product&#038;p=3479"},"modified":"2025-12-08T23:08:55","modified_gmt":"2025-12-08T21:08:55","slug":"jurine-kempine","status":"publish","type":"product","link":"https:\/\/lavish.lt\/en\/product\/jurine-kempine\/","title":{"rendered":"J\u016brin\u0117 kempin\u0117-balinta"},"content":{"rendered":"<p>Nat\u016brali j\u016brin\u0117 kempin\u0117 \u2013 \u0161velnumas i\u0161 vandenyno.<\/p>\n<p>Atraskite autenti\u0161k\u0105 gro\u017eio ritual\u0105 su nat\u016bralia j\u016brine kempine, i\u0161auginta \u0161variuose Vidur\u017eemio j\u016bros vandenyse. Tai \u0161imtme\u010dius vertinama nat\u016bralios kilm\u0117s priemon\u0117, kuri \u0161velniai valo, masa\u017euoja ir puosel\u0117ja od\u0105, suteikdama jai spindesio bei gaivumo.<\/p>\n<p>Kiekviena kempin\u0117 \u2013 unikali gamtos dovana, rankomis surinkta i\u0161 tvariai pri\u017ei\u016brim\u0173 j\u016br\u0173 teritorij\u0173, i\u0161laikant j\u016br\u0173 ekosistem\u0173 balans\u0105. Ji pasi\u017eymi ypatingu mink\u0161tumu, ilgaam\u017ei\u0161kumu ir geb\u0117jimu sugerti iki 10 kart\u0173 daugiau vandens nei dirbtin\u0117s kempin\u0117s.<\/p>\n","protected":false},"excerpt":{"rendered":"<p>Nat\u016brali j\u016brin\u0117 kempin\u0117- balinta, i\u0161 Vidur\u017eemio j\u016bros \u2013 \u0161velniai valo, masa\u017euoja ir puosel\u0117ja od\u0105. Tvari, ilgaam\u017e\u0117 ir 100 % ekologi\u0161ka.<\/p>\n<p>Dydis 12-14cm<\/p>\n","protected":false},"featured_media":3596,"comment_status":"closed","ping_status":"closed","template":"","meta":[],"product_brand":[103],"product_cat":[56],"product_tag":[],"class_list":{"0":"post-3479","1":"product","2":"type-product","3":"status-publish","4":"has-post-thumbnail","6":"product_brand-lavish","7":"product_cat-kunui","9":"first","10":"instock","11":"sale","12":"taxable","13":"shipping-taxable","14":"purchasable","15":"product-type-simple"},"_links":{"self":[{"href":"https:\/\/lavish.lt\/en\/wp-json\/wp\/v2\/product\/3479","targetHints":{"allow":["GET"]}}],"collection":[{"href":"https:\/\/lavish.lt\/en\/wp-json\/wp\/v2\/product"}],"about":[{"href":"https:\/\/lavish.lt\/en\/wp-json\/wp\/v2\/types\/product"}],"replies":[{"embeddable":true,"href":"https:\/\/lavish.lt\/en\/wp-json\/wp\/v2\/comments?post=3479"}],"wp:featuredmedia":[{"embeddable":true,"href":"https:\/\/lavish.lt\/en\/wp-json\/wp\/v2\/media\/3596"}],"wp:attachment":[{"href":"https:\/\/lavish.lt\/en\/wp-json\/wp\/v2\/media?parent=3479"}],"wp:term":[{"taxonomy":"product_brand","embeddable":true,"href":"https:\/\/lavish.lt\/en\/wp-json\/wp\/v2\/product_brand?post=3479"},{"taxonomy":"product_cat","embeddable":true,"href":"https:\/\/lavish.lt\/en\/wp-json\/wp\/v2\/product_cat?post=3479"},{"taxonomy":"product_tag","embeddable":true,"href":"https:\/\/lavish.lt\/en\/wp-json\/wp\/v2\/product_tag?post=3479"}],"curies":[{"name":"wp","href":"https:\/\/api.w.org\/{rel}","templated":true}]}}