{"id":3486,"date":"2025-10-07T16:40:52","date_gmt":"2025-10-07T13:40:52","guid":{"rendered":"https:\/\/lavish.lt\/?post_type=product&#038;p=3486"},"modified":"2026-02-11T13:30:24","modified_gmt":"2026-02-11T11:30:24","slug":"jurine-kempine-prausiklis-rinkinys","status":"publish","type":"product","link":"https:\/\/lavish.lt\/en\/product\/jurine-kempine-prausiklis-rinkinys\/","title":{"rendered":"Rinkinys &#8220;J\u016brin\u0117 kempin\u0117 ir SPA Ceylon Cardamon rose k\u016bno prausiklis&#8221;"},"content":{"rendered":"<p>Rinkin\u012f sudaro:<\/p>\n<p>Nat\u016brali j\u016brin\u0117 kempin\u0117 HARD PREMIUM, M dydis (11-13cm) + SPA Ceylon &#8221; Cardamon Rose&#8221; k\u016bno prausiklis 250ml.<\/p>\n<p>Tvirto pluo\u0161to, 100 % ekologi\u0161ka, tvari, ilgaam\u017e\u0117 kempin\u0117 i\u0161 Vidur\u017eemio j\u016bros.<\/p>\n<p class=\"vc_custom_heading vc_custom_1690310736184\">\u0160velnus k\u016bno prausiklis, praturtintas gaivinan\u010diu \u017eoleli\u0173 ir eterini\u0173 aliej\u0173 mi\u0161iniu. Sud\u0117tyje esantis Himalaj\u0173 ro\u017ei\u0173 eterinis aliejus vertinamas d\u0117l poveikio emocijoms ir laikomas veiksmingu li\u016bdesio sklaidytoju. Kardamonas, d\u0117l didelio kiekio cineolo, gerina kraujo cirkuliacij\u0105 ir veikia kaip stiprus afrodiziakas, atskleid\u017eia moteri\u0161kum\u0105, harmonizuoja, \u0161alina nuovarg\u012f ir atkuria j\u0117gas.<\/p>\n","protected":false},"excerpt":{"rendered":"<p>Nat\u016bralios j\u016brin\u0117s kempin\u0117s HARD PREMIUM &#8220;M&#8221; ir SPA Ceylon &#8220;Cardamon Rose&#8221; k\u016bno prausiklio rinkinys.<\/p>\n","protected":false},"featured_media":3685,"comment_status":"closed","ping_status":"closed","template":"","meta":[],"product_brand":[103,102],"product_cat":[104,56,116,93],"product_tag":[126,123,107,124,106,122,125,121,127],"class_list":{"0":"post-3486","1":"product","2":"type-product","3":"status-publish","4":"has-post-thumbnail","6":"product_brand-lavish","7":"product_brand-spa-ceylon","8":"product_cat-kempines","9":"product_cat-kunui","10":"product_cat-lavish-top","11":"product_cat-prausikliai-kunui","12":"product_tag-ajurvedinis-prausiklis","13":"product_tag-cardamon-rose-duso-gelis","14":"product_tag-ekologiska-kempine","15":"product_tag-jurine-kempine","16":"product_tag-koraline-kempine","17":"product_tag-kuno-prausiklis","18":"product_tag-naturali-kempine","19":"product_tag-spaceylon","20":"product_tag-spaceylon-duso-gelis","22":"first","23":"instock","24":"sale","25":"taxable","26":"shipping-taxable","27":"purchasable","28":"product-type-simple"},"_links":{"self":[{"href":"https:\/\/lavish.lt\/en\/wp-json\/wp\/v2\/product\/3486","targetHints":{"allow":["GET"]}}],"collection":[{"href":"https:\/\/lavish.lt\/en\/wp-json\/wp\/v2\/product"}],"about":[{"href":"https:\/\/lavish.lt\/en\/wp-json\/wp\/v2\/types\/product"}],"replies":[{"embeddable":true,"href":"https:\/\/lavish.lt\/en\/wp-json\/wp\/v2\/comments?post=3486"}],"wp:featuredmedia":[{"embeddable":true,"href":"https:\/\/lavish.lt\/en\/wp-json\/wp\/v2\/media\/3685"}],"wp:attachment":[{"href":"https:\/\/lavish.lt\/en\/wp-json\/wp\/v2\/media?parent=3486"}],"wp:term":[{"taxonomy":"product_brand","embeddable":true,"href":"https:\/\/lavish.lt\/en\/wp-json\/wp\/v2\/product_brand?post=3486"},{"taxonomy":"product_cat","embeddable":true,"href":"https:\/\/lavish.lt\/en\/wp-json\/wp\/v2\/product_cat?post=3486"},{"taxonomy":"product_tag","embeddable":true,"href":"https:\/\/lavish.lt\/en\/wp-json\/wp\/v2\/product_tag?post=3486"}],"curies":[{"name":"wp","href":"https:\/\/api.w.org\/{rel}","templated":true}]}}