{"id":3576,"date":"2025-12-02T22:43:00","date_gmt":"2025-12-02T20:43:00","guid":{"rendered":"https:\/\/lavish.lt\/?post_type=product&#038;p=3576"},"modified":"2025-12-02T23:03:47","modified_gmt":"2025-12-02T21:03:47","slug":"naturali-jurine-kempine-hard-premium-m","status":"publish","type":"product","link":"https:\/\/lavish.lt\/en\/product\/naturali-jurine-kempine-hard-premium-m\/","title":{"rendered":"Nat\u016brali j\u016brin\u0117 kempin\u0117 HARD PREMIUM &#8220;M&#8221;"},"content":{"rendered":"<p>Nat\u016brali j\u016brin\u0117 kempin\u0117 &#8211; HARD PREMIUM &#8211; itin tvirta, bet \u0161velni lyg \u0161ilkas.<\/p>\n<p>Atraskite autenti\u0161k\u0105 gro\u017eio ritual\u0105 su nat\u016bralia koraline kempine, i\u0161auginta \u0161variuose Vidur\u017eemio j\u016bros vandenyse. Tai \u0161imtme\u010dius vertinama nat\u016bralios kilm\u0117s priemon\u0117, kuri \u0161velniai valo, masa\u017euoja ir puosel\u0117ja od\u0105, suteikdama jai spindesio bei gaivumo.<\/p>\n<p>Kiekviena kempin\u0117- unikali gamtos dovana, rankomis surinkta i\u0161 tvariai pri\u017ei\u016brim\u0173 j\u016br\u0173 teritorij\u0173, i\u0161laikant j\u016br\u0173 ekosistem\u0173 balans\u0105. Ji pasi\u017eymi ypatingu mink\u0161tumu, ilgaam\u017ei\u0161kumu ir geb\u0117jimu sugerti iki 10 kart\u0173 daugiau vandens nei dirbtin\u0117s kempin\u0117s.<\/p>\n","protected":false},"excerpt":{"rendered":"<p>Nat\u016brali j\u016brin\u0117 kempin\u0117 HARD PREMIUM, M dydis (11-13cm)<\/p>\n<p>Tvirto pluo\u0161to, 100 % ekologi\u0161ka, tvari, ilgaam\u017e\u0117 kempin\u0117 i\u0161 Vidur\u017eemio j\u016bros.<\/p>\n","protected":false},"featured_media":3577,"comment_status":"closed","ping_status":"closed","template":"","meta":[],"product_brand":[103],"product_cat":[104,56],"product_tag":[107,108,106,109,105],"class_list":{"0":"post-3576","1":"product","2":"type-product","3":"status-publish","4":"has-post-thumbnail","6":"product_brand-lavish","7":"product_cat-kempines","8":"product_cat-kunui","9":"product_tag-ekologiska-kempine","10":"product_tag-kempine-is-vidurzemio-juros","11":"product_tag-koraline-kempine","12":"product_tag-kuno-prieziura","13":"product_tag-naturali-jurine-kempine","15":"first","16":"instock","17":"taxable","18":"shipping-taxable","19":"purchasable","20":"product-type-simple"},"_links":{"self":[{"href":"https:\/\/lavish.lt\/en\/wp-json\/wp\/v2\/product\/3576","targetHints":{"allow":["GET"]}}],"collection":[{"href":"https:\/\/lavish.lt\/en\/wp-json\/wp\/v2\/product"}],"about":[{"href":"https:\/\/lavish.lt\/en\/wp-json\/wp\/v2\/types\/product"}],"replies":[{"embeddable":true,"href":"https:\/\/lavish.lt\/en\/wp-json\/wp\/v2\/comments?post=3576"}],"wp:featuredmedia":[{"embeddable":true,"href":"https:\/\/lavish.lt\/en\/wp-json\/wp\/v2\/media\/3577"}],"wp:attachment":[{"href":"https:\/\/lavish.lt\/en\/wp-json\/wp\/v2\/media?parent=3576"}],"wp:term":[{"taxonomy":"product_brand","embeddable":true,"href":"https:\/\/lavish.lt\/en\/wp-json\/wp\/v2\/product_brand?post=3576"},{"taxonomy":"product_cat","embeddable":true,"href":"https:\/\/lavish.lt\/en\/wp-json\/wp\/v2\/product_cat?post=3576"},{"taxonomy":"product_tag","embeddable":true,"href":"https:\/\/lavish.lt\/en\/wp-json\/wp\/v2\/product_tag?post=3576"}],"curies":[{"name":"wp","href":"https:\/\/api.w.org\/{rel}","templated":true}]}}