{"id":3579,"date":"2025-12-02T23:00:00","date_gmt":"2025-12-02T21:00:00","guid":{"rendered":"https:\/\/lavish.lt\/?post_type=product&#038;p=3579"},"modified":"2025-12-09T14:35:39","modified_gmt":"2025-12-09T12:35:39","slug":"naturali-jurine-kempine-hard-premium-l","status":"publish","type":"product","link":"https:\/\/lavish.lt\/en\/product\/naturali-jurine-kempine-hard-premium-l\/","title":{"rendered":"Nat\u016brali j\u016brin\u0117 kempin\u0117 HARD PREMIUM &#8220;L&#8221;"},"content":{"rendered":"<p>Nat\u016brali j\u016brin\u0117 kempin\u0117 &#8211; HARD PREMIUM &#8211; tai pati tvir\u010diausia, kie\u010diausia i\u0161\u00a0 vis\u0173 esam\u0173 j\u016brini\u0173 kempini\u0173. Prisilietus prie odos, sudr\u0117kinta tampa \u0161velni lyg \u0161ilkas d\u0117l esamo smulkaus p\u016bkelio jos pavir\u0161iuje. Jos strukt\u016bra primena itin tank\u0173 tinklel\u012f.<\/p>\n<p>Atraskite autenti\u0161k\u0105 gro\u017eio ritual\u0105 su nat\u016bralia koraline kempine, i\u0161auginta \u0161variuose Vidur\u017eemio j\u016bros vandenyse. Tai \u0161imtme\u010dius vertinama nat\u016bralios kilm\u0117s priemon\u0117, kuri \u0161velniai valo, masa\u017euoja ir puosel\u0117ja od\u0105, suteikdama jai spindesio bei gaivumo.<\/p>\n<p>Kiekviena kempin\u0117- unikali gamtos dovana, rankomis surinkta i\u0161 tvariai pri\u017ei\u016brim\u0173 j\u016br\u0173 teritorij\u0173, i\u0161laikant j\u016br\u0173 ekosistem\u0173 balans\u0105. Ji pasi\u017eymi ypatingu mink\u0161tumu, ilgaam\u017ei\u0161kumu ir geb\u0117jimu sugerti iki 10 kart\u0173 daugiau vandens nei dirbtin\u0117s kempin\u0117s.<\/p>\n","protected":false},"excerpt":{"rendered":"<p>Nat\u016brali j\u016brin\u0117 kempin\u0117 HARD PREMIUM, L dydis (13-15cm)<\/p>\n<p>Pati tvir\u010diausia i\u0161 vis\u0173 esam\u0173 j\u016brini\u0173 kempini\u0173.<\/p>\n<p>Tvirto pluo\u0161to, 100 % ekologi\u0161ka, tvari, ilgaam\u017e\u0117 kempin\u0117 i\u0161 Vidur\u017eemio j\u016bros.<\/p>\n","protected":false},"featured_media":3605,"comment_status":"closed","ping_status":"closed","template":"","meta":[],"product_brand":[103],"product_cat":[104,56],"product_tag":[107,108,106,109,105],"class_list":{"0":"post-3579","1":"product","2":"type-product","3":"status-publish","4":"has-post-thumbnail","6":"product_brand-lavish","7":"product_cat-kempines","8":"product_cat-kunui","9":"product_tag-ekologiska-kempine","10":"product_tag-kempine-is-vidurzemio-juros","11":"product_tag-koraline-kempine","12":"product_tag-kuno-prieziura","13":"product_tag-naturali-jurine-kempine","15":"first","16":"instock","17":"taxable","18":"shipping-taxable","19":"purchasable","20":"product-type-simple"},"_links":{"self":[{"href":"https:\/\/lavish.lt\/en\/wp-json\/wp\/v2\/product\/3579","targetHints":{"allow":["GET"]}}],"collection":[{"href":"https:\/\/lavish.lt\/en\/wp-json\/wp\/v2\/product"}],"about":[{"href":"https:\/\/lavish.lt\/en\/wp-json\/wp\/v2\/types\/product"}],"replies":[{"embeddable":true,"href":"https:\/\/lavish.lt\/en\/wp-json\/wp\/v2\/comments?post=3579"}],"wp:featuredmedia":[{"embeddable":true,"href":"https:\/\/lavish.lt\/en\/wp-json\/wp\/v2\/media\/3605"}],"wp:attachment":[{"href":"https:\/\/lavish.lt\/en\/wp-json\/wp\/v2\/media?parent=3579"}],"wp:term":[{"taxonomy":"product_brand","embeddable":true,"href":"https:\/\/lavish.lt\/en\/wp-json\/wp\/v2\/product_brand?post=3579"},{"taxonomy":"product_cat","embeddable":true,"href":"https:\/\/lavish.lt\/en\/wp-json\/wp\/v2\/product_cat?post=3579"},{"taxonomy":"product_tag","embeddable":true,"href":"https:\/\/lavish.lt\/en\/wp-json\/wp\/v2\/product_tag?post=3579"}],"curies":[{"name":"wp","href":"https:\/\/api.w.org\/{rel}","templated":true}]}}