{"id":3583,"date":"2025-12-02T23:33:06","date_gmt":"2025-12-02T21:33:06","guid":{"rendered":"https:\/\/lavish.lt\/?post_type=product&#038;p=3583"},"modified":"2025-12-07T23:14:09","modified_gmt":"2025-12-07T21:14:09","slug":"lavish-guasha-trio-3-menteliu-rinkinys","status":"publish","type":"product","link":"https:\/\/lavish.lt\/en\/product\/lavish-guasha-trio-3-menteliu-rinkinys\/","title":{"rendered":"&#8220;Lavish GuaSha Trio&#8221;- 3 menteli\u0173 rinkinys"},"content":{"rendered":"<p>&#8220;Lavish GuaSha Trio&#8221; &#8211; tai 3 vnt. ner\u016bdijan\u010dio plieno menteli\u0173 rinkinys skirtas savimasa\u017eui atlikti. Menteli\u0173 pagalba atrasi savimasa\u017eo gali\u0105, suma\u017einsi susidariusi\u0105 \u012ftamp\u0105 veide, atpalaiduosi veido bei kaklo raumenis, suaktyvinsi limfotak\u0105, suma\u017einsi patinimus, i\u0161ry\u0161kinsi veido kont\u016brus, o reguliariai naudojant suma\u017einsi rauk\u0161les veide.<\/p>\n<p>\u0160ios mentel\u0117s yra ypa\u010d patvarios, ilgaam\u017e\u0117s, ned\u016b\u017etan\u010dios ir puikiai i\u0161laikan\u010dios \u0161alt\u012f.<\/p>\n<p>Atliekant savimasa\u017e\u0105, b\u016btinai naudok krem\u0105, aliej\u0173 ar serum\u0105 skirt\u0105 veido odos puosel\u0117jimui ir prie\u017ei\u016brai.<\/p>\n","protected":false},"excerpt":{"rendered":"<p>&#8220;Lavish GuaSha Trio&#8221; &#8211; 3 vnt. ner\u016bdijan\u010dio plieno menteli\u0173 rinkinys, skirtas veido savimasa\u017eui atlikti.<\/p>\n","protected":false},"featured_media":3588,"comment_status":"closed","ping_status":"closed","template":"","meta":[],"product_brand":[103],"product_cat":[15,116,110,57],"product_tag":[111,115,113,112,114],"class_list":{"0":"post-3583","1":"product","2":"type-product","3":"status-publish","4":"has-post-thumbnail","6":"product_brand-lavish","7":"product_cat-uncategorized","8":"product_cat-lavish-top","9":"product_cat-savimasazo-menteles","10":"product_cat-veidui","11":"product_tag-guasha-mentele","12":"product_tag-guasha-rinkinys","13":"product_tag-mentele-savimasazui","14":"product_tag-nerudijancio-plieno-guasha-mentele","15":"product_tag-savimasazo-irankis","17":"first","18":"instock","19":"featured","20":"taxable","21":"shipping-taxable","22":"purchasable","23":"product-type-simple"},"_links":{"self":[{"href":"https:\/\/lavish.lt\/en\/wp-json\/wp\/v2\/product\/3583","targetHints":{"allow":["GET"]}}],"collection":[{"href":"https:\/\/lavish.lt\/en\/wp-json\/wp\/v2\/product"}],"about":[{"href":"https:\/\/lavish.lt\/en\/wp-json\/wp\/v2\/types\/product"}],"replies":[{"embeddable":true,"href":"https:\/\/lavish.lt\/en\/wp-json\/wp\/v2\/comments?post=3583"}],"wp:featuredmedia":[{"embeddable":true,"href":"https:\/\/lavish.lt\/en\/wp-json\/wp\/v2\/media\/3588"}],"wp:attachment":[{"href":"https:\/\/lavish.lt\/en\/wp-json\/wp\/v2\/media?parent=3583"}],"wp:term":[{"taxonomy":"product_brand","embeddable":true,"href":"https:\/\/lavish.lt\/en\/wp-json\/wp\/v2\/product_brand?post=3583"},{"taxonomy":"product_cat","embeddable":true,"href":"https:\/\/lavish.lt\/en\/wp-json\/wp\/v2\/product_cat?post=3583"},{"taxonomy":"product_tag","embeddable":true,"href":"https:\/\/lavish.lt\/en\/wp-json\/wp\/v2\/product_tag?post=3583"}],"curies":[{"name":"wp","href":"https:\/\/api.w.org\/{rel}","templated":true}]}}