{"id":3585,"date":"2025-12-07T23:10:05","date_gmt":"2025-12-07T21:10:05","guid":{"rendered":"https:\/\/lavish.lt\/?post_type=product&#038;p=3585"},"modified":"2025-12-08T23:05:37","modified_gmt":"2025-12-08T21:05:37","slug":"naturali-jurine-kempinele-veidui","status":"publish","type":"product","link":"https:\/\/lavish.lt\/en\/product\/naturali-jurine-kempinele-veidui\/","title":{"rendered":"Nat\u016brali j\u016brin\u0117 kempin\u0117l\u0117 VEIDUI"},"content":{"rendered":"<p>Nat\u016brali j\u016brin\u0117 kempin\u0117l\u0117, skirta veido prie\u017ei\u016brai, demakia\u017eui, \u0161veitimui, prausimui. \u0160velni kaip \u0161ilkas, 100% ekologi\u0161ka ir tvari.<\/p>\n<p>Dydis 5-7cm.<\/p>\n<p>Kylusi i\u0161 Vidur\u017eemio j\u016bros gelmi\u0173.<\/p>\n","protected":false},"excerpt":{"rendered":"<p>Nat\u016brali j\u016brin\u0117 kempin\u0117l\u0117, skirta veido prie\u017ei\u016brai, demakia\u017eui, \u0161veitimui, prausimui.<\/p>\n<p>Su medvilniniu kelioniniu mai\u0161eliu.<\/p>\n<p>Kempin\u0117l\u0117s dydis 5-7cm.<\/p>\n<p>&nbsp;<\/p>\n","protected":false},"featured_media":3595,"comment_status":"closed","ping_status":"closed","template":"","meta":[],"product_brand":[103],"product_cat":[104,117,116,57],"product_tag":[107,120,108,119,118,106,105],"class_list":{"0":"post-3585","1":"product","2":"type-product","3":"status-publish","4":"has-post-thumbnail","6":"product_brand-lavish","7":"product_cat-kempines","9":"product_cat-lavish-top","10":"product_cat-veidui","11":"product_tag-ekologiska-kempine","12":"product_tag-kempine-demakiazui","13":"product_tag-kempine-is-vidurzemio-juros","14":"product_tag-kempine-veido-prausimui","15":"product_tag-kempine-veido-sveitimui","16":"product_tag-koraline-kempine","17":"product_tag-naturali-jurine-kempine","19":"first","20":"instock","21":"sale","22":"taxable","23":"shipping-taxable","24":"purchasable","25":"product-type-simple"},"_links":{"self":[{"href":"https:\/\/lavish.lt\/en\/wp-json\/wp\/v2\/product\/3585","targetHints":{"allow":["GET"]}}],"collection":[{"href":"https:\/\/lavish.lt\/en\/wp-json\/wp\/v2\/product"}],"about":[{"href":"https:\/\/lavish.lt\/en\/wp-json\/wp\/v2\/types\/product"}],"replies":[{"embeddable":true,"href":"https:\/\/lavish.lt\/en\/wp-json\/wp\/v2\/comments?post=3585"}],"wp:featuredmedia":[{"embeddable":true,"href":"https:\/\/lavish.lt\/en\/wp-json\/wp\/v2\/media\/3595"}],"wp:attachment":[{"href":"https:\/\/lavish.lt\/en\/wp-json\/wp\/v2\/media?parent=3585"}],"wp:term":[{"taxonomy":"product_brand","embeddable":true,"href":"https:\/\/lavish.lt\/en\/wp-json\/wp\/v2\/product_brand?post=3585"},{"taxonomy":"product_cat","embeddable":true,"href":"https:\/\/lavish.lt\/en\/wp-json\/wp\/v2\/product_cat?post=3585"},{"taxonomy":"product_tag","embeddable":true,"href":"https:\/\/lavish.lt\/en\/wp-json\/wp\/v2\/product_tag?post=3585"}],"curies":[{"name":"wp","href":"https:\/\/api.w.org\/{rel}","templated":true}]}}