{"id":3598,"date":"2025-12-09T13:27:24","date_gmt":"2025-12-09T11:27:24","guid":{"rendered":"https:\/\/lavish.lt\/?post_type=product&#038;p=3598"},"modified":"2025-12-09T13:27:24","modified_gmt":"2025-12-09T11:27:24","slug":"naturali-jurine-kempine-gentle-grass-xl-dydis-13-17cm","status":"publish","type":"product","link":"https:\/\/lavish.lt\/en\/product\/naturali-jurine-kempine-gentle-grass-xl-dydis-13-17cm\/","title":{"rendered":"Nat\u016brali j\u016brin\u0117 kempin\u0117 GENTLE GRASS XL dydis (13-17cm)"},"content":{"rendered":"<p>Nat\u016brali j\u016brin\u0117 kempin\u0117 &#8211; GENTLE GRASS &#8211; pasi\u017eymi mink\u0161tumu. Jei m\u0117gsti praustis ir tuo pa\u010diu atlikti \u0161veln\u0173 masa\u017e\u0105- \u0161tai kempin\u0117, kurios tau reikia.<\/p>\n<p>Sudr\u0117kusi ji tampa elastingesn\u0117, o visame jos pavir\u0161iuje esantys i\u0161kilimai, primenantys \u0161velnios \u017eol\u0117s tekst\u016br\u0105, masa\u017euoja ir \u0161velniai kutena od\u0105.<\/p>\n<p>Atraskite autenti\u0161k\u0105 gro\u017eio ritual\u0105 su nat\u016bralia koraline kempine, i\u0161auginta \u0161variuose Vidur\u017eemio j\u016bros vandenyse. Tai \u0161imtme\u010dius vertinama nat\u016bralios kilm\u0117s priemon\u0117, kuri \u0161velniai valo, masa\u017euoja ir puosel\u0117ja od\u0105, suteikdama jai spindesio bei gaivumo.<\/p>\n<p>Kiekviena kempin\u0117- unikali gamtos dovana, rankomis surinkta i\u0161 tvariai pri\u017ei\u016brim\u0173 j\u016br\u0173 teritorij\u0173, i\u0161laikant j\u016br\u0173 ekosistem\u0173 balans\u0105. Ji pasi\u017eymi ypatingu mink\u0161tumu, ilgaam\u017ei\u0161kumu ir geb\u0117jimu sugerti iki 10 kart\u0173 daugiau vandens nei dirbtin\u0117s kempin\u0117s.<\/p>\n","protected":false},"excerpt":{"rendered":"<p>Nat\u016brali j\u016brin\u0117 kempin\u0117 &#8211; GENTLE GRASS &#8211; pasi\u017eymi mink\u0161tumu.<\/p>\n<p>Sudr\u0117kusi tampa elastingesn\u0117 ir \u0161velniai masa\u017euoja od\u0105.<\/p>\n<p>Tvirto pluo\u0161to, 100 % ekologi\u0161ka, tvari, ilgaam\u017e\u0117 kempin\u0117 i\u0161 Vidur\u017eemio j\u016bros.<\/p>\n<p>Dydis 13-17cm.<\/p>\n","protected":false},"featured_media":3599,"comment_status":"closed","ping_status":"closed","template":"","meta":[],"product_brand":[],"product_cat":[104,56,116],"product_tag":[107,108,106,109,105],"class_list":{"0":"post-3598","1":"product","2":"type-product","3":"status-publish","4":"has-post-thumbnail","6":"product_cat-kempines","7":"product_cat-kunui","8":"product_cat-lavish-top","9":"product_tag-ekologiska-kempine","10":"product_tag-kempine-is-vidurzemio-juros","11":"product_tag-koraline-kempine","12":"product_tag-kuno-prieziura","13":"product_tag-naturali-jurine-kempine","15":"first","16":"instock","17":"taxable","18":"shipping-taxable","19":"purchasable","20":"product-type-simple"},"_links":{"self":[{"href":"https:\/\/lavish.lt\/en\/wp-json\/wp\/v2\/product\/3598","targetHints":{"allow":["GET"]}}],"collection":[{"href":"https:\/\/lavish.lt\/en\/wp-json\/wp\/v2\/product"}],"about":[{"href":"https:\/\/lavish.lt\/en\/wp-json\/wp\/v2\/types\/product"}],"replies":[{"embeddable":true,"href":"https:\/\/lavish.lt\/en\/wp-json\/wp\/v2\/comments?post=3598"}],"wp:featuredmedia":[{"embeddable":true,"href":"https:\/\/lavish.lt\/en\/wp-json\/wp\/v2\/media\/3599"}],"wp:attachment":[{"href":"https:\/\/lavish.lt\/en\/wp-json\/wp\/v2\/media?parent=3598"}],"wp:term":[{"taxonomy":"product_brand","embeddable":true,"href":"https:\/\/lavish.lt\/en\/wp-json\/wp\/v2\/product_brand?post=3598"},{"taxonomy":"product_cat","embeddable":true,"href":"https:\/\/lavish.lt\/en\/wp-json\/wp\/v2\/product_cat?post=3598"},{"taxonomy":"product_tag","embeddable":true,"href":"https:\/\/lavish.lt\/en\/wp-json\/wp\/v2\/product_tag?post=3598"}],"curies":[{"name":"wp","href":"https:\/\/api.w.org\/{rel}","templated":true}]}}