{"id":3601,"date":"2025-12-09T14:18:34","date_gmt":"2025-12-09T12:18:34","guid":{"rendered":"https:\/\/lavish.lt\/?post_type=product&#038;p=3601"},"modified":"2025-12-09T14:18:34","modified_gmt":"2025-12-09T12:18:34","slug":"naturali-jurine-kempine-baby-cashmere-l-dydis-12-14cm","status":"publish","type":"product","link":"https:\/\/lavish.lt\/en\/product\/naturali-jurine-kempine-baby-cashmere-l-dydis-12-14cm\/","title":{"rendered":"Nat\u016brali j\u016brin\u0117 kempin\u0117 BABY CASHMERE, L dydis (12-14cm)"},"content":{"rendered":"<p>Nat\u016brali j\u016brin\u0117 kempin\u0117 &#8211; BABY CASHMERE &#8211; tai pati mink\u0161\u010diausia ir \u0161velniausia i\u0161 vis\u0173 j\u016brini\u0173 kempini\u0173. Sudr\u0117kinta ji tampa mink\u0161ta kaip \u0161ilko \u0161luost\u0117, maloni liesti ir be galo \u0161velni odai.<\/p>\n<p>\u0160i kempin\u0117 tinkama suaugusiems su turintiems labai jautri\u0105 od\u0105 ir k\u016bdiki\u0173 prie\u017ei\u016brai nuo pat pirm\u0173j\u0173 gyvenimo dien\u0173.<\/p>\n<p>Tvirto pluo\u0161to, 100 % ekologi\u0161ka, tvari, ilgaam\u017e\u0117 kempin\u0117 i\u0161 Vidur\u017eemio j\u016bros.<\/p>\n<p>Atraskite autenti\u0161k\u0105 gro\u017eio ritual\u0105 su nat\u016bralia koraline kempine, i\u0161auginta \u0161variuose Vidur\u017eemio j\u016bros vandenyse. Tai \u0161imtme\u010dius vertinama nat\u016bralios kilm\u0117s priemon\u0117, kuri \u0161velniai valo, masa\u017euoja ir puosel\u0117ja od\u0105, suteikdama jai spindesio bei gaivumo.<\/p>\n<p>&nbsp;<\/p>\n<p>Kiekviena kempin\u0117- unikali gamtos dovana, rankomis surinkta i\u0161 tvariai pri\u017ei\u016brim\u0173 j\u016br\u0173 teritorij\u0173, i\u0161laikant j\u016br\u0173 ekosistem\u0173 balans\u0105. Ji pasi\u017eymi ypatingu mink\u0161tumu, ilgaam\u017ei\u0161kumu ir geb\u0117jimu sugerti iki 10 kart\u0173 daugiau vandens nei dirbtin\u0117s kempin\u0117s.<\/p>\n","protected":false},"excerpt":{"rendered":"<p>Nat\u016brali j\u016brin\u0117 kempin\u0117 &#8211; BABY CASHMERE &#8211; tai pati mink\u0161\u010diausia ir \u0161velniausia i\u0161 vis\u0173 j\u016brini\u0173 kempini\u0173. Sudr\u0117kinta ji tampa mink\u0161ta kaip \u0161ilko \u0161luost\u0117, maloni liesti ir be galo \u0161velni odai.<\/p>\n<p>\u0160i kempin\u0117 tinkama suaugusiems su turintiems labai jautri\u0105 od\u0105 ir k\u016bdiki\u0173 prie\u017ei\u016brai nuo pat pirm\u0173j\u0173 gyvenimo dien\u0173.<\/p>\n<p>Dydis 12-14cm<\/p>\n","protected":false},"featured_media":3603,"comment_status":"closed","ping_status":"closed","template":"","meta":[],"product_brand":[103],"product_cat":[104,56],"product_tag":[],"class_list":{"0":"post-3601","1":"product","2":"type-product","3":"status-publish","4":"has-post-thumbnail","6":"product_brand-lavish","7":"product_cat-kempines","8":"product_cat-kunui","10":"first","11":"instock","12":"taxable","13":"shipping-taxable","14":"purchasable","15":"product-type-simple"},"_links":{"self":[{"href":"https:\/\/lavish.lt\/en\/wp-json\/wp\/v2\/product\/3601","targetHints":{"allow":["GET"]}}],"collection":[{"href":"https:\/\/lavish.lt\/en\/wp-json\/wp\/v2\/product"}],"about":[{"href":"https:\/\/lavish.lt\/en\/wp-json\/wp\/v2\/types\/product"}],"replies":[{"embeddable":true,"href":"https:\/\/lavish.lt\/en\/wp-json\/wp\/v2\/comments?post=3601"}],"wp:featuredmedia":[{"embeddable":true,"href":"https:\/\/lavish.lt\/en\/wp-json\/wp\/v2\/media\/3603"}],"wp:attachment":[{"href":"https:\/\/lavish.lt\/en\/wp-json\/wp\/v2\/media?parent=3601"}],"wp:term":[{"taxonomy":"product_brand","embeddable":true,"href":"https:\/\/lavish.lt\/en\/wp-json\/wp\/v2\/product_brand?post=3601"},{"taxonomy":"product_cat","embeddable":true,"href":"https:\/\/lavish.lt\/en\/wp-json\/wp\/v2\/product_cat?post=3601"},{"taxonomy":"product_tag","embeddable":true,"href":"https:\/\/lavish.lt\/en\/wp-json\/wp\/v2\/product_tag?post=3601"}],"curies":[{"name":"wp","href":"https:\/\/api.w.org\/{rel}","templated":true}]}}